{"id":28977,"date":"2023-02-28T17:52:50","date_gmt":"2023-02-28T16:52:50","guid":{"rendered":"https:\/\/paxsajob.ch\/?page_id=28977"},"modified":"2025-01-13T09:34:57","modified_gmt":"2025-01-13T08:34:57","slug":"employes","status":"publish","type":"page","link":"https:\/\/paxsajob.ch\/de\/employes\/","title":{"rendered":"EMPLOYES"},"content":{"rendered":"<p>[et_pb_section fb_built=\u00a0\u00bb1&Prime; _builder_version=\u00a0\u00bb4.20.0&Prime; _module_preset=\u00a0\u00bbdefault\u00a0\u00bb background_color=\u00a0\u00bb#d3d3d3&Prime; custom_padding=\u00a0\u00bb0px||0px||false|false\u00a0\u00bb global_colors_info=\u00a0\u00bb{}\u00a0\u00bb][et_pb_row _builder_version=\u00a0\u00bb4.20.0&Prime; _module_preset=\u00a0\u00bbdefault\u00a0\u00bb global_colors_info=\u00a0\u00bb{}\u00a0\u00bb][et_pb_column type=\u00a0\u00bb4_4&Prime; _builder_version=\u00a0\u00bb4.20.0&Prime; _module_preset=\u00a0\u00bbdefault\u00a0\u00bb global_colors_info=\u00a0\u00bb{}\u00a0\u00bb][et_pb_text content_tablet=\u00a0\u00bb<\/p>\n<h1 style=%22text-align: center;%22>Nos Meilleurs Employ\u00e9(e)s<\/h1>\n<p>\u00a0\u00bb content_phone=\u00a0\u00bb<\/p>\n<h2 style=%22text-align: center;%22>Nos Meilleurs Employ\u00e9(e)s<\/h2>\n<p>\u00a0\u00bb content_last_edited=\u00a0\u00bbon|phone\u00a0\u00bb _builder_version=\u00a0\u00bb4.20.4&Prime; _module_preset=\u00a0\u00bbdefault\u00a0\u00bb custom_css_main_element=\u00a0\u00bbfont-variant-caps: small-caps;\u00a0\u00bb global_colors_info=\u00a0\u00bb{}\u00a0\u00bb]<\/p>\n<h1 style=\"text-align: center;\">Nos Meilleur(e)s Employ\u00e9(e)s<\/h1>\n<p>[\/et_pb_text][\/et_pb_column][\/et_pb_row][\/et_pb_section][et_pb_section fb_built=\u00a0\u00bb1&Prime; _builder_version=\u00a0\u00bb4.20.1&Prime; _module_preset=\u00a0\u00bbdefault\u00a0\u00bb global_colors_info=\u00a0\u00bb{}\u00a0\u00bb][et_pb_row column_structure=\u00a0\u00bb3_4,1_4&Prime; use_custom_gutter=\u00a0\u00bbon\u00a0\u00bb gutter_width=\u00a0\u00bb2&Prime; make_equal=\u00a0\u00bbon\u00a0\u00bb _builder_version=\u00a0\u00bb4.20.4&Prime; _module_preset=\u00a0\u00bbdefault\u00a0\u00bb width=\u00a0\u00bb90%\u00a0\u00bb max_width=\u00a0\u00bb1600px\u00a0\u00bb global_colors_info=\u00a0\u00bb{}\u00a0\u00bb][et_pb_column type=\u00a0\u00bb3_4&Prime; _builder_version=\u00a0\u00bb4.20.1&Prime; _module_preset=\u00a0\u00bbdefault\u00a0\u00bb custom_padding=\u00a0\u00bb0px|0px|0px|0px|false|false\u00a0\u00bb global_colors_info=\u00a0\u00bb{}\u00a0\u00bb][et_pb_code _builder_version=\u00a0\u00bb4.23.1&Prime; _module_preset=\u00a0\u00bbdefault\u00a0\u00bb width=\u00a0\u00bb100%\u00a0\u00bb hover_enabled=\u00a0\u00bb0&Prime; global_colors_info=\u00a0\u00bb{}\u00a0\u00bb sticky_enabled=\u00a0\u00bb0&Prime;]<div id=\"pfg-gallery-28983\" class=\"pfg-gallery-wrapper pfg-loading pfg-template-photography\" data-gallery-id=\"28983\" data-multi-select=\"false\" data-filter-logic=\"or\" data-filter-hierarchy=\"[]\" data-url-param=\"filter\" data-version=\"2.1.5\" data-lightbox-title=\"true\" data-lightbox-description=\"false\" data-show-preloader=\"true\" data-default-filter=\"2025\" data-image-links=\"false\"><div class=\"pfg-filters pfg-filters--center pfg-filters--buttons\"><button type=\"button\" class=\"pfg-filter\" data-filter=\"*\">Tous \/ Toutes<\/button><button type=\"button\" class=\"pfg-filter pfg-filter--active\" data-filter=\"2025\"><span class=\"pfg-filter-color\" style=\"background:#94a3b8\"><\/span>2025<\/button><button type=\"button\" class=\"pfg-filter\" data-filter=\"2024\">2024<\/button><button type=\"button\" class=\"pfg-filter\" data-filter=\"2023\">2023<\/button><button type=\"button\" class=\"pfg-filter\" data-filter=\"2022\">2022<\/button><button type=\"button\" class=\"pfg-filter\" data-filter=\"2021\">2021<\/button><\/div><div class=\"pfg-preloader\"><div class=\"pfg-preloader-spinner\"><\/div><span class=\"pfg-preloader-text\">Loading...<\/span><\/div><div class=\"pfg-grid pfg-grid--masonry pfg-grid--grayscale\" style=\"--pfg-gap: 20px; --pfg-border-radius: 5px; --pfg-radius: 5px; --pfg-overlay-color: rgba(0, 0, 0, 0.9); --pfg-primary-color: #3858e9; --pfg-caption-text: #ffffff; --pfg-caption-bg: #dd3333\"><div class=\"pfg-item pfg-filter-2025 pfg-item-hover--none pfg-item--hidden\" data-id=\"34277\"><a href=\"https:\/\/paxsajob.ch\/wp-content\/uploads\/2026\/01\/Teresa-scaled.jpg\" class=\"pfg-item-link\" data-lightbox=\"pfg-28983\" data-title=\"Teresa (Bienne)\"><img src=\"https:\/\/paxsajob.ch\/wp-content\/uploads\/2026\/01\/Teresa-768x824.jpg\" alt=\"Teresa (Bienne)\" loading=\"eager\" decoding=\"async\" class=\"pfg-item-image\"><div class=\"pfg-item-caption pfg-item-caption--overlay\"><h3 class=\"pfg-item-title\">Teresa (Bienne)<\/h3><\/div><\/a><\/div><div class=\"pfg-item pfg-filter-2024 pfg-item-hover--none pfg-item--hidden\" data-id=\"33637\"><a href=\"https:\/\/paxsajob.ch\/wp-content\/uploads\/2025\/01\/valerie-scaled.jpg\" class=\"pfg-item-link\" data-lightbox=\"pfg-28983\" data-title=\"Val\u00e9rie (Bienne)\"><img src=\"https:\/\/paxsajob.ch\/wp-content\/uploads\/2025\/01\/valerie-768x824.jpg\" alt=\"Val\u00e9rie (Bienne)\" loading=\"eager\" decoding=\"async\" class=\"pfg-item-image\"><div class=\"pfg-item-caption pfg-item-caption--overlay\"><h3 class=\"pfg-item-title\">Val\u00e9rie (Bienne)<\/h3><\/div><\/a><\/div><div class=\"pfg-item pfg-filter-2023 pfg-item-hover--none pfg-item--hidden\" data-id=\"31177\"><span class=\"pfg-item-type-icon pfg-item-type-icon--link\" title=\"External Link\"><svg xmlns=\"http:\/\/www.w3.org\/2000\/svg\" viewBox=\"0 0 24 24\" fill=\"currentColor\" width=\"14\" height=\"14\"><path d=\"M19 19H5V5h7V3H5c-1.11 0-2 .9-2 2v14c0 1.1.89 2 2 2h14c1.1 0 2-.9 2-2v-7h-2v7zM14 3v2h3.59l-9.83 9.83 1.41 1.41L19 6.41V10h2V3h-7z\"\/><\/svg><\/span><a href=\"http:\/\/2023\" class=\"pfg-item-link\" target=\"_blank\" rel=\"noopener\"><img src=\"https:\/\/paxsajob.ch\/wp-content\/uploads\/2024\/01\/Rina-768x824.jpg\" alt=\"Rina (Bienne)\" loading=\"eager\" decoding=\"async\" class=\"pfg-item-image\"><div class=\"pfg-item-caption pfg-item-caption--overlay\"><h3 class=\"pfg-item-title\">Rina (Bienne)<\/h3><\/div><\/a><\/div><div class=\"pfg-item pfg-filter-2023 pfg-item-hover--none pfg-item--hidden\" data-id=\"31512\"><a href=\"https:\/\/paxsajob.ch\/wp-content\/uploads\/2024\/02\/Melissa.jpg\" class=\"pfg-item-link\" data-lightbox=\"pfg-28983\" data-title=\"Melissa (Tramelan)\"><img src=\"https:\/\/paxsajob.ch\/wp-content\/uploads\/2024\/02\/Melissa-768x671.jpg\" alt=\"Melissa (Tramelan)\" loading=\"eager\" decoding=\"async\" class=\"pfg-item-image\"><div class=\"pfg-item-caption pfg-item-caption--overlay\"><h3 class=\"pfg-item-title\">Melissa (Tramelan)<\/h3><\/div><\/a><\/div><div class=\"pfg-item pfg-filter-2022 pfg-item-hover--none pfg-item--hidden\" data-id=\"28970\"><a href=\"https:\/\/paxsajob.ch\/wp-content\/uploads\/2023\/02\/Darisbel-scaled.jpg\" class=\"pfg-item-link\" data-lightbox=\"pfg-28983\" data-title=\"Darisbel (Bienne)\"><img src=\"https:\/\/paxsajob.ch\/wp-content\/uploads\/2023\/02\/Darisbel-768x824.jpg\" alt=\"Darisbel (Bienne)\" loading=\"lazy\" decoding=\"async\" class=\"pfg-item-image\"><div class=\"pfg-item-caption pfg-item-caption--overlay\"><h3 class=\"pfg-item-title\">Darisbel (Bienne)<\/h3><\/div><\/a><\/div><div class=\"pfg-item pfg-filter-2021 pfg-item-hover--none pfg-item--hidden\" data-id=\"28984\"><a href=\"https:\/\/paxsajob.ch\/wp-content\/uploads\/2023\/03\/maryna-scaled.jpg\" class=\"pfg-item-link\" data-lightbox=\"pfg-28983\" data-title=\"Maryna (Bienne)\"><img src=\"https:\/\/paxsajob.ch\/wp-content\/uploads\/2023\/03\/maryna-768x824.jpg\" alt=\"Maryna (Bienne)\" loading=\"lazy\" decoding=\"async\" class=\"pfg-item-image\"><div class=\"pfg-item-caption pfg-item-caption--overlay\"><h3 class=\"pfg-item-title\">Maryna (Bienne)<\/h3><\/div><\/a><\/div><div class=\"pfg-item pfg-filter-2025 pfg-item-hover--none pfg-item--hidden\" data-id=\"34276\"><a href=\"https:\/\/paxsajob.ch\/wp-content\/uploads\/2026\/01\/Michele-scaled.jpg\" class=\"pfg-item-link\" data-lightbox=\"pfg-28983\" data-title=\"Michele (Bienne)\"><img src=\"https:\/\/paxsajob.ch\/wp-content\/uploads\/2026\/01\/Michele-768x824.jpg\" alt=\"Michele (Bienne)\" loading=\"lazy\" decoding=\"async\" class=\"pfg-item-image\"><div class=\"pfg-item-caption pfg-item-caption--overlay\"><h3 class=\"pfg-item-title\">Michele (Bienne)<\/h3><\/div><\/a><\/div><div class=\"pfg-item pfg-filter-2024 pfg-item-hover--none pfg-item--hidden\" data-id=\"33520\"><a href=\"https:\/\/paxsajob.ch\/wp-content\/uploads\/2024\/12\/pavlo-scaled.jpg\" class=\"pfg-item-link\" data-lightbox=\"pfg-28983\" data-title=\"Pavlo (Bienne)\"><img src=\"https:\/\/paxsajob.ch\/wp-content\/uploads\/2024\/12\/pavlo-768x824.jpg\" alt=\"Pavlo (Bienne)\" loading=\"lazy\" decoding=\"async\" class=\"pfg-item-image\"><div class=\"pfg-item-caption pfg-item-caption--overlay\"><h3 class=\"pfg-item-title\">Pavlo (Bienne)<\/h3><\/div><\/a><\/div><div class=\"pfg-item pfg-filter-2024 pfg-filter-2023 pfg-filter-2022 pfg-filter-2021 pfg-item-hover--none pfg-item--hidden\" data-id=\"33519\"><a href=\"https:\/\/paxsajob.ch\/wp-content\/uploads\/2024\/12\/gatto-scaled.jpg\" class=\"pfg-item-link\" data-lightbox=\"pfg-28983\" data-title=\"David, le collaborateur PAXSAJOB le plus fid\u00e8le depuis 2021\"><img src=\"https:\/\/paxsajob.ch\/wp-content\/uploads\/2024\/12\/gatto-768x824.jpg\" alt=\"David, le collaborateur PAXSAJOB le plus fid\u00e8le depuis 2021\" loading=\"lazy\" decoding=\"async\" class=\"pfg-item-image\"><div class=\"pfg-item-caption pfg-item-caption--overlay\"><h3 class=\"pfg-item-title\">David, le collaborateur PAXSAJOB le plus fid\u00e8le depuis 2021<\/h3><\/div><\/a><\/div><div class=\"pfg-item pfg-filter-2022 pfg-item-hover--none pfg-item--hidden\" data-id=\"28969\"><a href=\"https:\/\/paxsajob.ch\/wp-content\/uploads\/2023\/02\/Giuseppe-scaled.jpg\" class=\"pfg-item-link\" data-lightbox=\"pfg-28983\" data-title=\"Giuseppe (Bienne)\"><img src=\"https:\/\/paxsajob.ch\/wp-content\/uploads\/2023\/02\/Giuseppe-768x824.jpg\" alt=\"Giuseppe (Bienne)\" loading=\"lazy\" decoding=\"async\" class=\"pfg-item-image\"><div class=\"pfg-item-caption pfg-item-caption--overlay\"><h3 class=\"pfg-item-title\">Giuseppe (Bienne)<\/h3><\/div><\/a><\/div><div class=\"pfg-item pfg-filter-2021 pfg-item-hover--none pfg-item--hidden\" data-id=\"28985\"><a href=\"https:\/\/paxsajob.ch\/wp-content\/uploads\/2023\/03\/testa-scaled.jpg\" class=\"pfg-item-link\" data-lightbox=\"pfg-28983\" data-title=\"Antonio (Bienne)\"><img src=\"https:\/\/paxsajob.ch\/wp-content\/uploads\/2023\/03\/testa-768x824.jpg\" alt=\"Antonio (Bienne)\" loading=\"lazy\" decoding=\"async\" class=\"pfg-item-image\"><div class=\"pfg-item-caption pfg-item-caption--overlay\"><h3 class=\"pfg-item-title\">Antonio (Bienne)<\/h3><\/div><\/a><\/div><\/div><\/div>[\/et_pb_code][\/et_pb_column][et_pb_column type=\u00a0\u00bb1_4&Prime; _builder_version=\u00a0\u00bb4.20.1&Prime; _module_preset=\u00a0\u00bbdefault\u00a0\u00bb custom_padding=\u00a0\u00bb0px|0px|0px|0px|false|false\u00a0\u00bb global_colors_info=\u00a0\u00bb{}\u00a0\u00bb][et_pb_text _builder_version=\u00a0\u00bb4.20.1&Prime; _module_preset=\u00a0\u00bbdefault\u00a0\u00bb custom_padding=\u00a0\u00bb10px||20px||false|false\u00a0\u00bb global_colors_info=\u00a0\u00bb{}\u00a0\u00bb]<\/p>\n<h3>Ce qu&rsquo;ils en pensent &#8230;<\/h3>\n<p>[\/et_pb_text][et_pb_testimonial author=\u00a0\u00bbVal\u00e9rie &#8211; 2024&Prime; portrait_url=\u00a0\u00bbhttps:\/\/paxsajob.ch\/wp-content\/uploads\/2025\/01\/valerie-scaled.jpg\u00a0\u00bb portrait_width=\u00a0\u00bb60px\u00a0\u00bb portrait_height=\u00a0\u00bb60px\u00a0\u00bb _builder_version=\u00a0\u00bb4.23.1&Prime; _module_preset=\u00a0\u00bbdefault\u00a0\u00bb body_font=\u00a0\u00bb|300|||||||\u00a0\u00bb body_text_align=\u00a0\u00bbcenter\u00a0\u00bb body_font_size=\u00a0\u00bb16px\u00a0\u00bb body_line_height=\u00a0\u00bb1.2em\u00a0\u00bb author_font_size=\u00a0\u00bb12px\u00a0\u00bb author_line_height=\u00a0\u00bb0em\u00a0\u00bb background_color=\u00a0\u00bb#d3d3d3&Prime; custom_margin=\u00a0\u00bb||5px||false|false\u00a0\u00bb custom_padding=\u00a0\u00bb10px||10px||false|false\u00a0\u00bb global_colors_info=\u00a0\u00bb{}\u00a0\u00bb]<\/p>\n<p>\u00ab\u00a0Y sont cool, sympa et dynamique, je recommande\u00a0\u00bb<\/p>\n<p>[\/et_pb_testimonial][et_pb_testimonial author=\u00a0\u00bbPavlo &#8211; 2024&Prime; portrait_url=\u00a0\u00bbhttps:\/\/paxsajob.ch\/wp-content\/uploads\/2024\/12\/pavlo-scaled.jpg\u00a0\u00bb portrait_width=\u00a0\u00bb60px\u00a0\u00bb portrait_height=\u00a0\u00bb60px\u00a0\u00bb _builder_version=\u00a0\u00bb4.23.1&Prime; _module_preset=\u00a0\u00bbdefault\u00a0\u00bb body_font=\u00a0\u00bb|300|||||||\u00a0\u00bb body_text_align=\u00a0\u00bbcenter\u00a0\u00bb body_font_size=\u00a0\u00bb16px\u00a0\u00bb body_line_height=\u00a0\u00bb1.2em\u00a0\u00bb author_font_size=\u00a0\u00bb12px\u00a0\u00bb author_line_height=\u00a0\u00bb0em\u00a0\u00bb background_color=\u00a0\u00bb#d3d3d3&Prime; custom_margin=\u00a0\u00bb||5px||false|false\u00a0\u00bb custom_padding=\u00a0\u00bb10px||10px||false|false\u00a0\u00bb global_colors_info=\u00a0\u00bb{}\u00a0\u00bb]<\/p>\n<p>Vous m&rsquo;avez aid\u00e9, PAXSAJOB c&rsquo;est TOP &#8230;.<\/p>\n<p>[\/et_pb_testimonial][et_pb_testimonial author=\u00a0\u00bbMelissa &#8211; 2023&Prime; portrait_url=\u00a0\u00bbhttps:\/\/paxsajob.ch\/wp-content\/uploads\/2024\/02\/Melissa.jpg\u00a0\u00bb portrait_width=\u00a0\u00bb60px\u00a0\u00bb portrait_height=\u00a0\u00bb60px\u00a0\u00bb _builder_version=\u00a0\u00bb4.23.1&Prime; _module_preset=\u00a0\u00bbdefault\u00a0\u00bb body_font=\u00a0\u00bb|300|||||||\u00a0\u00bb body_text_align=\u00a0\u00bbcenter\u00a0\u00bb body_font_size=\u00a0\u00bb16px\u00a0\u00bb body_line_height=\u00a0\u00bb1.2em\u00a0\u00bb author_font_size=\u00a0\u00bb12px\u00a0\u00bb author_line_height=\u00a0\u00bb0em\u00a0\u00bb background_color=\u00a0\u00bb#d3d3d3&Prime; custom_margin=\u00a0\u00bb||5px||false|false\u00a0\u00bb custom_padding=\u00a0\u00bb10px||10px||false|false\u00a0\u00bb global_colors_info=\u00a0\u00bb{}\u00a0\u00bb]<\/p>\n<p>&nbsp;<\/p>\n<p>Proximit\u00e9 selon l&rsquo;entreprise: Tr\u00e8s bien.<br \/>Accueil sympa, chaleureux et convivial. Tr\u00e8s bien.<br \/>R\u00e9activit\u00e9 et efficacit\u00e9. Tr\u00e8s bien.<br \/>Administration et correspondance etc.. Tr\u00e8s bien.<br \/>Suivie et conseils. Tr\u00e8s bien.<br \/>Satisfaction de nos services. Tr\u00e8s bien.<\/p>\n<p>[\/et_pb_testimonial][et_pb_testimonial author=\u00a0\u00bbYvan &#8211; 2023&Prime; portrait_url=\u00a0\u00bbhttps:\/\/paxsajob.ch\/wp-content\/uploads\/2024\/01\/DM.png\u00a0\u00bb portrait_width=\u00a0\u00bb60px\u00a0\u00bb portrait_height=\u00a0\u00bb60px\u00a0\u00bb _builder_version=\u00a0\u00bb4.23.1&Prime; _module_preset=\u00a0\u00bbdefault\u00a0\u00bb body_font=\u00a0\u00bb|300|||||||\u00a0\u00bb body_text_align=\u00a0\u00bbcenter\u00a0\u00bb body_font_size=\u00a0\u00bb16px\u00a0\u00bb body_line_height=\u00a0\u00bb1.2em\u00a0\u00bb author_font_size=\u00a0\u00bb12px\u00a0\u00bb author_line_height=\u00a0\u00bb0em\u00a0\u00bb background_color=\u00a0\u00bb#d3d3d3&Prime; custom_margin=\u00a0\u00bb||5px||false|false\u00a0\u00bb custom_padding=\u00a0\u00bb10px||10px||false|false\u00a0\u00bb global_colors_info=\u00a0\u00bb{}\u00a0\u00bb]<\/p>\n<p>Exp\u00e9rience positive aupr\u00e8s de PAXSAJOB, flexibilit\u00e9 et qualit\u00e9 toujours au rendez-vous, je ne peux que la conseiller vivement.<\/p>\n<p>[\/et_pb_testimonial][et_pb_testimonial author=\u00a0\u00bbDarisbel &#8211; 2022&Prime; portrait_url=\u00a0\u00bbhttps:\/\/paxsajob.ch\/wp-content\/uploads\/2023\/02\/Darisbel-scaled.jpg\u00a0\u00bb portrait_width=\u00a0\u00bb60px\u00a0\u00bb portrait_height=\u00a0\u00bb60px\u00a0\u00bb _builder_version=\u00a0\u00bb4.21.0&Prime; _module_preset=\u00a0\u00bbdefault\u00a0\u00bb body_font=\u00a0\u00bb|300|||||||\u00a0\u00bb body_text_align=\u00a0\u00bbcenter\u00a0\u00bb body_font_size=\u00a0\u00bb16px\u00a0\u00bb body_line_height=\u00a0\u00bb1.2em\u00a0\u00bb author_font_size=\u00a0\u00bb12px\u00a0\u00bb author_line_height=\u00a0\u00bb0em\u00a0\u00bb background_color=\u00a0\u00bb#d3d3d3&Prime; custom_margin=\u00a0\u00bb||5px||false|false\u00a0\u00bb custom_padding=\u00a0\u00bb10px||10px||false|false\u00a0\u00bb global_colors_info=\u00a0\u00bb{}\u00a0\u00bb]<\/p>\n<p>PAXSAJOB SA,\u00a0 je m&rsquo;y suis trouv\u00e9e rapidement \u00e0 l&rsquo;aise.<\/p>\n<p>Une \u00e9quipe du tonnerre<\/p>\n<p>[\/et_pb_testimonial][et_pb_testimonial author=\u00a0\u00bbAntonio &#8211; 2021&Prime; portrait_url=\u00a0\u00bbhttps:\/\/paxsajob.ch\/wp-content\/uploads\/2023\/03\/testa-scaled.jpg\u00a0\u00bb portrait_width=\u00a0\u00bb60px\u00a0\u00bb portrait_height=\u00a0\u00bb60px\u00a0\u00bb _builder_version=\u00a0\u00bb4.21.0&Prime; _module_preset=\u00a0\u00bbdefault\u00a0\u00bb body_font=\u00a0\u00bb|300|||||||\u00a0\u00bb body_text_align=\u00a0\u00bbcenter\u00a0\u00bb body_font_size=\u00a0\u00bb16px\u00a0\u00bb body_line_height=\u00a0\u00bb1.2em\u00a0\u00bb author_font_size=\u00a0\u00bb12px\u00a0\u00bb author_line_height=\u00a0\u00bb0em\u00a0\u00bb background_color=\u00a0\u00bb#d3d3d3&Prime; custom_margin=\u00a0\u00bb||5px||false|false\u00a0\u00bb custom_padding=\u00a0\u00bb10px||10px||false|false\u00a0\u00bb global_colors_info=\u00a0\u00bb{}\u00a0\u00bb]<\/p>\n<p>PAXSAJOB SA une super soci\u00e9t\u00e9 &#8230;.<\/p>\n<p>[\/et_pb_testimonial][\/et_pb_column][\/et_pb_row][\/et_pb_section]<\/p>\n","protected":false},"excerpt":{"rendered":"<p>Nos Meilleur(e)s Employ\u00e9(e)s<div id=\"pfg-gallery-28983\" class=\"pfg-gallery-wrapper pfg-loading pfg-template-photography\" data-gallery-id=\"28983\" data-multi-select=\"false\" data-filter-logic=\"or\" data-filter-hierarchy=\"[]\" data-url-param=\"filter\" data-version=\"2.1.5\" data-lightbox-title=\"true\" data-lightbox-description=\"false\" data-show-preloader=\"true\" data-default-filter=\"2025\" data-image-links=\"false\"><div class=\"pfg-filters pfg-filters--center pfg-filters--buttons\"><button type=\"button\" class=\"pfg-filter\" data-filter=\"*\">Tous \/ Toutes<\/button><button type=\"button\" class=\"pfg-filter pfg-filter--active\" data-filter=\"2025\"><span class=\"pfg-filter-color\" style=\"background:#94a3b8\"><\/span>2025<\/button><button type=\"button\" class=\"pfg-filter\" data-filter=\"2024\">2024<\/button><button type=\"button\" class=\"pfg-filter\" data-filter=\"2023\">2023<\/button><button type=\"button\" class=\"pfg-filter\" data-filter=\"2022\">2022<\/button><button type=\"button\" class=\"pfg-filter\" data-filter=\"2021\">2021<\/button><\/div><div class=\"pfg-preloader\"><div class=\"pfg-preloader-spinner\"><\/div><span class=\"pfg-preloader-text\">Loading...<\/span><\/div><div class=\"pfg-grid pfg-grid--masonry pfg-grid--grayscale\" style=\"--pfg-gap: 20px; --pfg-border-radius: 5px; --pfg-radius: 5px; --pfg-overlay-color: rgba(0, 0, 0, 0.9); --pfg-primary-color: #3858e9; --pfg-caption-text: #ffffff; --pfg-caption-bg: #dd3333\"><div class=\"pfg-item pfg-filter-2025 pfg-item-hover--none pfg-item--hidden\" data-id=\"34277\"><a href=\"https:\/\/paxsajob.ch\/wp-content\/uploads\/2026\/01\/Teresa-scaled.jpg\" class=\"pfg-item-link\" data-lightbox=\"pfg-28983\" data-title=\"Teresa (Bienne)\"><img src=\"https:\/\/paxsajob.ch\/wp-content\/uploads\/2026\/01\/Teresa-768x824.jpg\" alt=\"Teresa (Bienne)\" loading=\"eager\" decoding=\"async\" class=\"pfg-item-image\"><div class=\"pfg-item-caption pfg-item-caption--overlay\"><h3 class=\"pfg-item-title\">Teresa (Bienne)<\/h3><\/div><\/a><\/div><div class=\"pfg-item pfg-filter-2024 pfg-item-hover--none pfg-item--hidden\" data-id=\"33637\"><a href=\"https:\/\/paxsajob.ch\/wp-content\/uploads\/2025\/01\/valerie-scaled.jpg\" class=\"pfg-item-link\" data-lightbox=\"pfg-28983\" data-title=\"Val\u00e9rie (Bienne)\"><img src=\"https:\/\/paxsajob.ch\/wp-content\/uploads\/2025\/01\/valerie-768x824.jpg\" alt=\"Val\u00e9rie (Bienne)\" loading=\"eager\" decoding=\"async\" class=\"pfg-item-image\"><div class=\"pfg-item-caption pfg-item-caption--overlay\"><h3 class=\"pfg-item-title\">Val\u00e9rie (Bienne)<\/h3><\/div><\/a><\/div><div class=\"pfg-item pfg-filter-2023 pfg-item-hover--none pfg-item--hidden\" data-id=\"31177\"><span class=\"pfg-item-type-icon pfg-item-type-icon--link\" title=\"External Link\"><svg xmlns=\"http:\/\/www.w3.org\/2000\/svg\" viewBox=\"0 0 24 24\" fill=\"currentColor\" width=\"14\" height=\"14\"><path d=\"M19 19H5V5h7V3H5c-1.11 0-2 .9-2 2v14c0 1.1.89 2 2 2h14c1.1 0 2-.9 2-2v-7h-2v7zM14 3v2h3.59l-9.83 9.83 1.41 1.41L19 6.41V10h2V3h-7z\"\/><\/svg><\/span><a href=\"http:\/\/2023\" class=\"pfg-item-link\" target=\"_blank\" rel=\"noopener\"><img src=\"https:\/\/paxsajob.ch\/wp-content\/uploads\/2024\/01\/Rina-768x824.jpg\" alt=\"Rina (Bienne)\" loading=\"eager\" decoding=\"async\" class=\"pfg-item-image\"><div class=\"pfg-item-caption pfg-item-caption--overlay\"><h3 class=\"pfg-item-title\">Rina (Bienne)<\/h3><\/div><\/a><\/div><div class=\"pfg-item pfg-filter-2023 pfg-item-hover--none pfg-item--hidden\" data-id=\"31512\"><a href=\"https:\/\/paxsajob.ch\/wp-content\/uploads\/2024\/02\/Melissa.jpg\" class=\"pfg-item-link\" data-lightbox=\"pfg-28983\" data-title=\"Melissa (Tramelan)\"><img src=\"https:\/\/paxsajob.ch\/wp-content\/uploads\/2024\/02\/Melissa-768x671.jpg\" alt=\"Melissa (Tramelan)\" loading=\"eager\" decoding=\"async\" class=\"pfg-item-image\"><div class=\"pfg-item-caption pfg-item-caption--overlay\"><h3 class=\"pfg-item-title\">Melissa (Tramelan)<\/h3><\/div><\/a><\/div><div class=\"pfg-item pfg-filter-2022 pfg-item-hover--none pfg-item--hidden\" data-id=\"28970\"><a href=\"https:\/\/paxsajob.ch\/wp-content\/uploads\/2023\/02\/Darisbel-scaled.jpg\" class=\"pfg-item-link\" data-lightbox=\"pfg-28983\" data-title=\"Darisbel (Bienne)\"><img src=\"https:\/\/paxsajob.ch\/wp-content\/uploads\/2023\/02\/Darisbel-768x824.jpg\" alt=\"Darisbel (Bienne)\" loading=\"lazy\" decoding=\"async\" class=\"pfg-item-image\"><div class=\"pfg-item-caption pfg-item-caption--overlay\"><h3 class=\"pfg-item-title\">Darisbel (Bienne)<\/h3><\/div><\/a><\/div><div class=\"pfg-item pfg-filter-2021 pfg-item-hover--none pfg-item--hidden\" data-id=\"28984\"><a href=\"https:\/\/paxsajob.ch\/wp-content\/uploads\/2023\/03\/maryna-scaled.jpg\" class=\"pfg-item-link\" data-lightbox=\"pfg-28983\" data-title=\"Maryna (Bienne)\"><img src=\"https:\/\/paxsajob.ch\/wp-content\/uploads\/2023\/03\/maryna-768x824.jpg\" alt=\"Maryna (Bienne)\" loading=\"lazy\" decoding=\"async\" class=\"pfg-item-image\"><div class=\"pfg-item-caption pfg-item-caption--overlay\"><h3 class=\"pfg-item-title\">Maryna (Bienne)<\/h3><\/div><\/a><\/div><div class=\"pfg-item pfg-filter-2025 pfg-item-hover--none pfg-item--hidden\" data-id=\"34276\"><a href=\"https:\/\/paxsajob.ch\/wp-content\/uploads\/2026\/01\/Michele-scaled.jpg\" class=\"pfg-item-link\" data-lightbox=\"pfg-28983\" data-title=\"Michele (Bienne)\"><img src=\"https:\/\/paxsajob.ch\/wp-content\/uploads\/2026\/01\/Michele-768x824.jpg\" alt=\"Michele (Bienne)\" loading=\"lazy\" decoding=\"async\" class=\"pfg-item-image\"><div class=\"pfg-item-caption pfg-item-caption--overlay\"><h3 class=\"pfg-item-title\">Michele (Bienne)<\/h3><\/div><\/a><\/div><div class=\"pfg-item pfg-filter-2024 pfg-item-hover--none pfg-item--hidden\" data-id=\"33520\"><a href=\"https:\/\/paxsajob.ch\/wp-content\/uploads\/2024\/12\/pavlo-scaled.jpg\" class=\"pfg-item-link\" data-lightbox=\"pfg-28983\" data-title=\"Pavlo (Bienne)\"><img src=\"https:\/\/paxsajob.ch\/wp-content\/uploads\/2024\/12\/pavlo-768x824.jpg\" alt=\"Pavlo (Bienne)\" loading=\"lazy\" decoding=\"async\" class=\"pfg-item-image\"><div class=\"pfg-item-caption pfg-item-caption--overlay\"><h3 class=\"pfg-item-title\">Pavlo (Bienne)<\/h3><\/div><\/a><\/div><div class=\"pfg-item pfg-filter-2024 pfg-filter-2023 pfg-filter-2022 pfg-filter-2021 pfg-item-hover--none pfg-item--hidden\" data-id=\"33519\"><a href=\"https:\/\/paxsajob.ch\/wp-content\/uploads\/2024\/12\/gatto-scaled.jpg\" class=\"pfg-item-link\" data-lightbox=\"pfg-28983\" data-title=\"David, le collaborateur PAXSAJOB le plus fid\u00e8le depuis 2021\"><img src=\"https:\/\/paxsajob.ch\/wp-content\/uploads\/2024\/12\/gatto-768x824.jpg\" alt=\"David, le collaborateur PAXSAJOB le plus fid\u00e8le depuis 2021\" loading=\"lazy\" decoding=\"async\" class=\"pfg-item-image\"><div class=\"pfg-item-caption pfg-item-caption--overlay\"><h3 class=\"pfg-item-title\">David, le collaborateur PAXSAJOB le plus fid\u00e8le depuis 2021<\/h3><\/div><\/a><\/div><div class=\"pfg-item pfg-filter-2022 pfg-item-hover--none pfg-item--hidden\" data-id=\"28969\"><a href=\"https:\/\/paxsajob.ch\/wp-content\/uploads\/2023\/02\/Giuseppe-scaled.jpg\" class=\"pfg-item-link\" data-lightbox=\"pfg-28983\" data-title=\"Giuseppe (Bienne)\"><img src=\"https:\/\/paxsajob.ch\/wp-content\/uploads\/2023\/02\/Giuseppe-768x824.jpg\" alt=\"Giuseppe (Bienne)\" loading=\"lazy\" decoding=\"async\" class=\"pfg-item-image\"><div class=\"pfg-item-caption pfg-item-caption--overlay\"><h3 class=\"pfg-item-title\">Giuseppe (Bienne)<\/h3><\/div><\/a><\/div><div class=\"pfg-item pfg-filter-2021 pfg-item-hover--none pfg-item--hidden\" data-id=\"28985\"><a href=\"https:\/\/paxsajob.ch\/wp-content\/uploads\/2023\/03\/testa-scaled.jpg\" class=\"pfg-item-link\" data-lightbox=\"pfg-28983\" data-title=\"Antonio (Bienne)\"><img src=\"https:\/\/paxsajob.ch\/wp-content\/uploads\/2023\/03\/testa-768x824.jpg\" alt=\"Antonio (Bienne)\" loading=\"lazy\" decoding=\"async\" class=\"pfg-item-image\"><div class=\"pfg-item-caption pfg-item-caption--overlay\"><h3 class=\"pfg-item-title\">Antonio (Bienne)<\/h3><\/div><\/a><\/div><\/div><\/div>Ce qu&rsquo;ils en pensent &#8230;\u00ab\u00a0Y sont cool, sympa et dynamique, je recommande\u00a0\u00bbVous m&rsquo;avez aid\u00e9, PAXSAJOB c&rsquo;est TOP &#8230;.&nbsp; Proximit\u00e9 selon l&rsquo;entreprise: Tr\u00e8s bien.Accueil sympa, chaleureux et convivial. Tr\u00e8s bien.R\u00e9activit\u00e9 et efficacit\u00e9. Tr\u00e8s bien.Administration et correspondance etc.. Tr\u00e8s bien.Suivie et conseils. Tr\u00e8s bien.Satisfaction de nos services. Tr\u00e8s bien.Exp\u00e9rience positive aupr\u00e8s de PAXSAJOB, flexibilit\u00e9 [&hellip;]<\/p>\n","protected":false},"author":1,"featured_media":0,"parent":0,"menu_order":0,"comment_status":"closed","ping_status":"closed","template":"","meta":{"_et_pb_use_builder":"on","_et_pb_old_content":"","_et_gb_content_width":"","footnotes":""},"class_list":["post-28977","page","type-page","status-publish","hentry"],"_links":{"self":[{"href":"https:\/\/paxsajob.ch\/de\/wp-json\/wp\/v2\/pages\/28977","targetHints":{"allow":["GET"]}}],"collection":[{"href":"https:\/\/paxsajob.ch\/de\/wp-json\/wp\/v2\/pages"}],"about":[{"href":"https:\/\/paxsajob.ch\/de\/wp-json\/wp\/v2\/types\/page"}],"author":[{"embeddable":true,"href":"https:\/\/paxsajob.ch\/de\/wp-json\/wp\/v2\/users\/1"}],"replies":[{"embeddable":true,"href":"https:\/\/paxsajob.ch\/de\/wp-json\/wp\/v2\/comments?post=28977"}],"version-history":[{"count":31,"href":"https:\/\/paxsajob.ch\/de\/wp-json\/wp\/v2\/pages\/28977\/revisions"}],"predecessor-version":[{"id":33644,"href":"https:\/\/paxsajob.ch\/de\/wp-json\/wp\/v2\/pages\/28977\/revisions\/33644"}],"wp:attachment":[{"href":"https:\/\/paxsajob.ch\/de\/wp-json\/wp\/v2\/media?parent=28977"}],"curies":[{"name":"wp","href":"https:\/\/api.w.org\/{rel}","templated":true}]}}